{"id":567,"date":"2021-03-13T03:56:28","date_gmt":"2021-03-13T03:56:28","guid":{"rendered":"https:\/\/korgvietnam.com\/kpm\/?page_id=567"},"modified":"2021-11-12T13:12:25","modified_gmt":"2021-11-12T13:12:25","slug":"video","status":"publish","type":"page","link":"https:\/\/korg.vn\/kpm\/video","title":{"rendered":"Video"},"content":{"rendered":"\t<section class=\"section dark\" id=\"section_47678231\">\n\t\t<div class=\"bg section-bg fill bg-fill  \" >\n\n\t\t\t\n\t\t\t\n\t\t\t\n\n\t\t<\/div>\n\n\t\t<div class=\"section-content relative\">\n\t\t\t\n<div class=\"row\"  id=\"row-952930039\">\n\n\t<div class=\"col small-12 large-12\"  >\n\t\t<div class=\"col-inner dark\"  >\n\t\t\t\n\t\t\t\n<h1 class=\"uppercase\" style=\"text-align: center;\">video h\u01b0\u1edbng d\u1eabn<\/h1>\n\t\t<\/div>\n\t<\/div>\n\n\t\n\n<style scope=\"scope\">\n\n#row-952930039 > .col > .col-inner {\n  padding: 56px 0px 0px 0px;\n}\n<\/style>\n<\/div>\n<div class=\"row\"  id=\"row-1055190984\">\n\n\t<div class=\"col medium-6 small-12 large-6\"  >\n\t\t<div class=\"col-inner\"  >\n\t\t\t\n\t\t\t\n<h2 class=\"uppercase\" style=\"text-align: center;\">V4 C\u00d3 G\u00cc M\u1edaI?<\/h2>\n<div class=\"video video-fit mb\" style=\"padding-top:56.25%;\"><p><iframe loading=\"lazy\" title=\"Ra m\u1eaft ph\u1ea7n m\u1ec1m Qu\u1ea3n l\u00fd D\u1eef li\u1ec7u cho \u0111\u00e0n Korg Pa Manager V4\" width=\"1020\" height=\"574\" src=\"https:\/\/www.youtube.com\/embed\/TMB85RkDgkM?feature=oembed\" frameborder=\"0\" allow=\"accelerometer; autoplay; clipboard-write; encrypted-media; gyroscope; picture-in-picture\" allowfullscreen><\/iframe><\/p>\n<\/div>\n<p>T\u1ed5ng h\u1ee3p c\u00e1c ch\u1ee9c n\u0103ng tr\u00ean phi\u00ean b\u1ea3n V4<\/p>\n\t\t<\/div>\n\t<\/div>\n\n\t\n\n\t<div class=\"col medium-6 small-12 large-6\"  >\n\t\t<div class=\"col-inner\"  >\n\t\t\t\n\t\t\t\n<h2 class=\"uppercase\" style=\"text-align: center;\">c\u00e1ch N\u00c9N B\u1ed8 SET<\/h2>\n<div class=\"video video-fit mb\" style=\"padding-top:56.25%;\"><p><iframe loading=\"lazy\" title=\"N\u00e9n Sample cho \u0111\u00e0n KORG Pa b\u1eb1ng ph\u1ea7n m\u1ec1m nh\u01b0 th\u1ebf n\u00e0o? | Korg Pamanager Viet Nam\" width=\"1020\" height=\"574\" src=\"https:\/\/www.youtube.com\/embed\/41AiCu7pzaE?feature=oembed\" frameborder=\"0\" allow=\"accelerometer; autoplay; clipboard-write; encrypted-media; gyroscope; picture-in-picture\" allowfullscreen><\/iframe><\/p>\n<\/div>\n<p style=\"text-align: center;\">C\u00e1ch n\u00e9n b\u1ed9 SET tr\u00ean ph\u1ea7n m\u1ec1m.<\/p>\n\t\t<\/div>\n\t<\/div>\n\n\t\n\n\t<div class=\"col medium-6 small-12 large-6\"  >\n\t\t<div class=\"col-inner\"  >\n\t\t\t\n\t\t\t\n<h2 style=\"text-align: center;\">C\u00c1CH CONVERT B\u1ed8 SET<\/h2>\n<div class=\"video video-fit mb\" style=\"padding-top:56.25%;\"><p><iframe loading=\"lazy\" title=\"H\u01b0\u1edbng d\u1eabn Convert SET c\u1ee7a \u0111\u00e0n Korg Pa4X, 1000, 700 xu\u1ed1ng c\u00e1c \u0111\u00e0n \u0111\u1eddi c\u0169 nh\u01b0 Pa3X, Pa900, Pa600\" width=\"1020\" height=\"574\" src=\"https:\/\/www.youtube.com\/embed\/1cwbleDXSyk?feature=oembed\" frameborder=\"0\" allow=\"accelerometer; autoplay; clipboard-write; encrypted-media; gyroscope; picture-in-picture\" allowfullscreen><\/iframe><\/p>\n<\/div>\n<p style=\"text-align: center;\">B\u1ea1n c\u00f3 th\u1ec3 * ho\u00e0n to\u00e0n Chuy\u1ec3n \u0111\u1ed5i m\u1ed9t SET (Style \/ Perf \/ Pad \/ Sound \/ PCM) sang PA4X \/ 700\/1000, PA3X \/ 300\/600\/900 \/ PA3X Le, PA800 \/ 2X.<\/p>\n\t\t<\/div>\n\t<\/div>\n\n\t\n\n\t<div class=\"col medium-6 small-12 large-6\"  >\n\t\t<div class=\"col-inner\"  >\n\t\t\t\n\t\t\t\n<h2 class=\"uppercase\" style=\"text-align: center;\">c\u00e1ch x\u00f3a Style \/ KDB Set \/ Pad \/ Sound\u00a0<\/h2>\n<div class=\"video video-fit mb\" style=\"padding-top:56.25%;\"><p><iframe loading=\"lazy\" title=\"Deleting a Style \/ KDB Set \/ Pad \/ Sound - KORG PA Manager v4\" width=\"1020\" height=\"574\" src=\"https:\/\/www.youtube.com\/embed\/dU1b-VDyjfg?feature=oembed\" frameborder=\"0\" allow=\"accelerometer; autoplay; clipboard-write; encrypted-media; gyroscope; picture-in-picture\" allowfullscreen><\/iframe><\/p>\n<\/div>\n<p style=\"text-align: center;\">Tr\u00ecnh qu\u1ea3n l\u00fd SET d\u1ec5 d\u00e0ng \u0111\u1ec3 t\u0103ng dung l\u01b0\u1ee3ng trong RAM, b\u1eb1ng c\u00e1ch cung c\u1ea5p t\u00f9y ch\u1ecdn * X\u00f3a Style \/ Performance \/ Pad bao g\u1ed3m Sounds + Samples.<\/p>\n\t\t<\/div>\n\t<\/div>\n\n\t\n\n\t<div class=\"col medium-6 small-12 large-6\"  >\n\t\t<div class=\"col-inner\"  >\n\t\t\t\n\t\t\t\n<h2>CH\u1ee8C N\u0102NG SET Explorer<\/h2>\n<div class=\"video video-fit mb\" style=\"padding-top:56.25%;\"><p><iframe loading=\"lazy\" title=\"H\u01b0\u1edbng d\u1eabn s\u1eed d\u1ee5ng ch\u1ee9c n\u0103ng SET EXPLORER trong ph\u1ea7n m\u1ec1m Korg Pamager\" width=\"1020\" height=\"574\" src=\"https:\/\/www.youtube.com\/embed\/jUUDzKb6q_U?feature=oembed\" frameborder=\"0\" allow=\"accelerometer; autoplay; clipboard-write; encrypted-media; gyroscope; picture-in-picture\" allowfullscreen><\/iframe><\/p>\n<\/div>\n<p style=\"text-align: center;\">T\u1ed5ng quan nhanh v\u1ec1 SET Explorer.<\/p>\n\t\t<\/div>\n\t<\/div>\n\n\t\n\n\t<div class=\"col medium-6 small-12 large-6\"  >\n\t\t<div class=\"col-inner\"  >\n\t\t\t\n\t\t\t\n<h2><span>S\u1eeda c\u00e1c SAMPLE kh\u00f4ng \u0111\u01b0\u1ee3c tham chi\u1ebfu<\/span><\/h2>\n<div class=\"video video-fit mb\" style=\"padding-top:56.25%;\"><p><iframe loading=\"lazy\" title=\"S\u1eeda c\u00e1c SAMPLE kh\u00f4ng \u0111\u01b0\u1ee3c tham chi\u1ebfu trong b\u1ed9 SET KORG Pamanager\" width=\"1020\" height=\"574\" src=\"https:\/\/www.youtube.com\/embed\/icacp1gF9dY?feature=oembed\" frameborder=\"0\" allow=\"accelerometer; autoplay; clipboard-write; encrypted-media; gyroscope; picture-in-picture\" allowfullscreen><\/iframe><\/p>\n<\/div>\n<p style=\"text-align: center;\">T\u1ed5ng quan nhanh v\u1ec1 SET Explorer.<\/p>\n\t\t<\/div>\n\t<\/div>\n\n\t\n\n\t<div class=\"col medium-6 small-12 large-6\"  >\n\t\t<div class=\"col-inner\"  >\n\t\t\t\n\t\t\t\n<h2>Mixing SETs &#8211; C\u00e1ch tr\u1ed9n c\u00e1c b\u1ed9 SET<\/h2>\n<div class=\"video video-fit mb\" style=\"padding-top:56.25%;\"><p><iframe loading=\"lazy\" title=\"H\u01b0\u1edbng d\u1eabn Tr\u1ed9n c\u00e1c SET v\u1edbi nhau b\u1eb1ng KORG PA Manager\" width=\"1020\" height=\"574\" src=\"https:\/\/www.youtube.com\/embed\/Wvhf7GFWbXU?feature=oembed\" frameborder=\"0\" allow=\"accelerometer; autoplay; clipboard-write; encrypted-media; gyroscope; picture-in-picture\" allowfullscreen><\/iframe><\/p>\n<\/div>\n<p style=\"text-align: center;\">T\u00ecm hi\u1ec3u ki\u1ebfn \u200b\u200bth\u1ee9c c\u01a1 b\u1ea3n v\u1ec1 T\u1ea1o 1 b\u1ed9 SET v\u1edbi KORG PA Manager.<\/p>\n\t\t<\/div>\n\t<\/div>\n\n\t\n\n\t<div class=\"col medium-6 small-12 large-6\"  >\n\t\t<div class=\"col-inner\"  >\n\t\t\t\n\t\t\t\n<h2>Time Slice (.wav &gt; PAD)<\/h2>\n<div class=\"video video-fit mb\" style=\"padding-top:56.25%;\"><p><iframe loading=\"lazy\" title=\"Time Slice   Wav to PAD   KORG PA Manager\" width=\"1020\" height=\"574\" src=\"https:\/\/www.youtube.com\/embed\/v82WDZcrSio?feature=oembed\" frameborder=\"0\" allow=\"accelerometer; autoplay; clipboard-write; encrypted-media; gyroscope; picture-in-picture\" allowfullscreen><\/iframe><\/p>\n<\/div>\n<p style=\"text-align: center;\">T\u00ecm hi\u1ec3u c\u00e1ch Time Slice m\u1ed9t file .WAV Loop v\u00e0 chuy\u1ec3n n\u00f3 th\u00e0nh PAD.<\/p>\n\t\t<\/div>\n\t<\/div>\n\n\t\n\n\t<div class=\"col medium-6 small-12 large-6\"  >\n\t\t<div class=\"col-inner\"  >\n\t\t\t\n\t\t\t\n<h2 style=\"text-align: center;\">SOUND S\u1eec D\u1ee4NG \u1ede \u0110\u00c2U?<\/h2>\n\n  \n    <div class=\"row large-columns-1 medium-columns- small-columns-\">\n          <div class=\"gallery-col col\" >\n          <div class=\"col-inner\">\n            <a class=\"image-lightbox lightbox-gallery\" href=\"https:\/\/korg.vn\/kpm\/wp-content\/uploads\/2021\/03\/2-1400x788.jpg\" title=\"\">            <div class=\"box has-hover gallery-box box-overlay dark\">\n              <div class=\"box-image\" >\n                <img width=\"1920\" height=\"1080\" src=\"https:\/\/korg.vn\/kpm\/wp-content\/uploads\/2021\/03\/2.jpg\" class=\"attachment-original size-original\" alt=\"\" decoding=\"async\" loading=\"lazy\" ids=\"554\" columns=\"1\" image_size=\"original\" srcset=\"https:\/\/korg.vn\/kpm\/wp-content\/uploads\/2021\/03\/2.jpg 1920w, https:\/\/korg.vn\/kpm\/wp-content\/uploads\/2021\/03\/2-711x400.jpg 711w, https:\/\/korg.vn\/kpm\/wp-content\/uploads\/2021\/03\/2-1400x788.jpg 1400w, https:\/\/korg.vn\/kpm\/wp-content\/uploads\/2021\/03\/2-768x432.jpg 768w, https:\/\/korg.vn\/kpm\/wp-content\/uploads\/2021\/03\/2-1536x864.jpg 1536w, https:\/\/korg.vn\/kpm\/wp-content\/uploads\/2021\/03\/2-600x338.jpg 600w\" sizes=\"(max-width: 1920px) 100vw, 1920px\" \/>                                  <div class=\"overlay fill\"\n                      style=\"background-color: rgba(0,0,0,.15)\">\n                  <\/div>\n                                                              <\/div>\n              <div class=\"box-text text-left\" >\n                 <p><\/p>\n              <\/div>\n            <\/div>\n            <\/a>          <\/div>\n         <\/div>\n         <\/div>\n<p style=\"text-align: center;\">Ta c\u00f3 th\u1ec3 bi\u1ebft Style \u0111ang s\u1eed d\u1ee5ng Sound n\u00e0o v\u00e0 l\u01b0u tr\u1eef \u1edf \u0111\u00e2u trong SET<\/p>\n\t\t<\/div>\n\t<\/div>\n\n\t\n\n\t<div class=\"col medium-6 small-12 large-6\"  >\n\t\t<div class=\"col-inner\"  >\n\t\t\t\n\t\t\t\n<h2 style=\"text-align: center;\"><span>TH\u00d4NG TIN B\u1ed8 NH\u1eda SOUND BANK<\/span><\/h2>\n\n  \n    <div class=\"row large-columns-1 medium-columns- small-columns-\">\n          <div class=\"gallery-col col\" >\n          <div class=\"col-inner\">\n            <a class=\"image-lightbox lightbox-gallery\" href=\"https:\/\/korg.vn\/kpm\/wp-content\/uploads\/2021\/03\/1-1-1400x788.jpg\" title=\"\">            <div class=\"box has-hover gallery-box box-overlay dark\">\n              <div class=\"box-image\" >\n                <img width=\"1920\" height=\"1080\" src=\"https:\/\/korg.vn\/kpm\/wp-content\/uploads\/2021\/03\/1-1.jpg\" class=\"attachment-original size-original\" alt=\"\" decoding=\"async\" loading=\"lazy\" ids=\"558\" columns=\"1\" image_size=\"original\" srcset=\"https:\/\/korg.vn\/kpm\/wp-content\/uploads\/2021\/03\/1-1.jpg 1920w, https:\/\/korg.vn\/kpm\/wp-content\/uploads\/2021\/03\/1-1-711x400.jpg 711w, https:\/\/korg.vn\/kpm\/wp-content\/uploads\/2021\/03\/1-1-1400x788.jpg 1400w, https:\/\/korg.vn\/kpm\/wp-content\/uploads\/2021\/03\/1-1-768x432.jpg 768w, https:\/\/korg.vn\/kpm\/wp-content\/uploads\/2021\/03\/1-1-1536x864.jpg 1536w, https:\/\/korg.vn\/kpm\/wp-content\/uploads\/2021\/03\/1-1-600x338.jpg 600w\" sizes=\"(max-width: 1920px) 100vw, 1920px\" \/>                                  <div class=\"overlay fill\"\n                      style=\"background-color: rgba(0,0,0,.15)\">\n                  <\/div>\n                                                              <\/div>\n              <div class=\"box-text text-left\" >\n                 <p><\/p>\n              <\/div>\n            <\/div>\n            <\/a>          <\/div>\n         <\/div>\n         <\/div>\n<p style=\"text-align: center;\">Xem \u0111\u1ea7y \u0111\u1ee7 c\u00e1c Sound Bank nh\u01b0 th\u1ebf n\u00e0o.<\/p>\n\t\t<\/div>\n\t<\/div>\n\n\t\n<\/div>\n\t\t<\/div>\n\n\t\t\n<style scope=\"scope\">\n\n#section_47678231 {\n  padding-top: 30px;\n  padding-bottom: 30px;\n}\n#section_47678231 .section-bg.bg-loaded {\n  background-image: url(https:\/\/korg.vn\/kpm\/wp-content\/uploads\/2020\/06\/bgpattern.png);\n}\n<\/style>\n\t<\/section>\n\t\n\t<section class=\"section\" id=\"section_1191016350\">\n\t\t<div class=\"bg section-bg fill bg-fill  \" >\n\n\t\t\t\n\t\t\t\n\t\t\t\n\n\t\t<\/div>\n\n\t\t<div class=\"section-content relative\">\n\t\t\t\n<div class=\"row\"  id=\"row-417605171\">\n\n\t<div class=\"col small-12 large-12\"  >\n\t\t<div class=\"col-inner text-center dark\"  >\n\t\t\t\n\t\t\t\n<h2>&#8230;V\u00e0 c\u00f2n nhi\u1ec1u t\u00ednh n\u0103ng h\u01a1n th\u1ebf n\u1eefa<\/h2>\n<a class=\"button primary\"  >\n    <span>Click me!<\/span>\n  <\/a>\n\n\t\t<\/div>\n\t<\/div>\n\n\t\n<\/div>\n\t\t<\/div>\n\n\t\t\n<style scope=\"scope\">\n\n#section_1191016350 {\n  padding-top: 30px;\n  padding-bottom: 30px;\n}\n#section_1191016350 .section-bg.bg-loaded {\n  background-image: url(https:\/\/korg.vn\/kpm\/wp-content\/uploads\/2020\/06\/bgpattern.png);\n}\n<\/style>\n\t<\/section>\n\t\n","protected":false},"excerpt":{"rendered":"","protected":false},"author":2,"featured_media":0,"parent":0,"menu_order":0,"comment_status":"closed","ping_status":"closed","template":"page-transparent-header-light.php","meta":[],"yst_prominent_words":[],"yoast_head":"<!-- This site is optimized with the Yoast SEO Premium plugin v14.1 - https:\/\/yoast.com\/wordpress\/plugins\/seo\/ -->\n<title>Video - Korg Pa Manager<\/title>\n<meta name=\"robots\" content=\"index, follow\" \/>\n<meta name=\"googlebot\" content=\"index, follow, max-snippet:-1, max-image-preview:large, max-video-preview:-1\" \/>\n<meta name=\"bingbot\" content=\"index, follow, max-snippet:-1, max-image-preview:large, max-video-preview:-1\" \/>\n<link rel=\"canonical\" href=\"https:\/\/korgvietnam.com\/kpm\/video\" \/>\n<meta property=\"og:locale\" content=\"vi_VN\" \/>\n<meta property=\"og:type\" content=\"article\" \/>\n<meta property=\"og:title\" content=\"Video - Korg Pa Manager\" \/>\n<meta property=\"og:url\" content=\"https:\/\/korgvietnam.com\/kpm\/video\" \/>\n<meta property=\"og:site_name\" content=\"Korg Pa Manager\" \/>\n<meta property=\"article:modified_time\" content=\"2021-11-12T13:12:25+00:00\" \/>\n<meta name=\"twitter:card\" content=\"summary_large_image\" \/>\n<script type=\"application\/ld+json\" class=\"yoast-schema-graph\">{\"@context\":\"https:\/\/schema.org\",\"@graph\":[{\"@type\":\"WebSite\",\"@id\":\"https:\/\/korg.vn\/kpm\/#website\",\"url\":\"https:\/\/korg.vn\/kpm\/\",\"name\":\"Korg Pa Manager\",\"description\":\"Ph\\u1ea7n m\\u1ec1m qu\\u1ea3n l\\u00fd, bi\\u00ean t\\u1eadp, ch\\u1ec9nh s\\u1eeda d\\u1eef li\\u1ec7u cho \\u0111\\u00e0n Korg Pa\",\"potentialAction\":[{\"@type\":\"SearchAction\",\"target\":\"https:\/\/korg.vn\/kpm\/?s={search_term_string}\",\"query-input\":\"required name=search_term_string\"}],\"inLanguage\":\"vi\"},{\"@type\":\"WebPage\",\"@id\":\"https:\/\/korgvietnam.com\/kpm\/video#webpage\",\"url\":\"https:\/\/korgvietnam.com\/kpm\/video\",\"name\":\"Video - Korg Pa Manager\",\"isPartOf\":{\"@id\":\"https:\/\/korg.vn\/kpm\/#website\"},\"datePublished\":\"2021-03-13T03:56:28+00:00\",\"dateModified\":\"2021-11-12T13:12:25+00:00\",\"inLanguage\":\"vi\",\"potentialAction\":[{\"@type\":\"ReadAction\",\"target\":[\"https:\/\/korgvietnam.com\/kpm\/video\"]}]}]}<\/script>\n<!-- \/ Yoast SEO Premium plugin. -->","_links":{"self":[{"href":"https:\/\/korg.vn\/kpm\/wp-json\/wp\/v2\/pages\/567"}],"collection":[{"href":"https:\/\/korg.vn\/kpm\/wp-json\/wp\/v2\/pages"}],"about":[{"href":"https:\/\/korg.vn\/kpm\/wp-json\/wp\/v2\/types\/page"}],"author":[{"embeddable":true,"href":"https:\/\/korg.vn\/kpm\/wp-json\/wp\/v2\/users\/2"}],"replies":[{"embeddable":true,"href":"https:\/\/korg.vn\/kpm\/wp-json\/wp\/v2\/comments?post=567"}],"version-history":[{"count":8,"href":"https:\/\/korg.vn\/kpm\/wp-json\/wp\/v2\/pages\/567\/revisions"}],"predecessor-version":[{"id":592,"href":"https:\/\/korg.vn\/kpm\/wp-json\/wp\/v2\/pages\/567\/revisions\/592"}],"wp:attachment":[{"href":"https:\/\/korg.vn\/kpm\/wp-json\/wp\/v2\/media?parent=567"}],"wp:term":[{"taxonomy":"yst_prominent_words","embeddable":true,"href":"https:\/\/korg.vn\/kpm\/wp-json\/wp\/v2\/yst_prominent_words?post=567"}],"curies":[{"name":"wp","href":"https:\/\/api.w.org\/{rel}","templated":true}]}}