{"id":294,"date":"2020-06-13T17:10:15","date_gmt":"2020-06-13T17:10:15","guid":{"rendered":"http:\/\/korgvietnam.com\/kpm\/?page_id=294"},"modified":"2023-08-13T20:17:26","modified_gmt":"2023-08-13T13:17:26","slug":"tai-ve","status":"publish","type":"page","link":"https:\/\/korg.vn\/kpm\/tai-ve","title":{"rendered":"T\u1ea3i v\u1ec1"},"content":{"rendered":"\t<section class=\"section dark\" id=\"section_519345746\">\n\t\t<div class=\"bg section-bg fill bg-fill  \" >\n\n\t\t\t\n\t\t\t<div class=\"section-bg-overlay absolute fill\"><\/div>\n\t\t\t\n\n\t\t<\/div>\n\n\t\t<div class=\"section-content relative\">\n\t\t\t\n\t<div id=\"gap-1840383953\" class=\"gap-element clearfix\" style=\"display:block; height:auto;\">\n\t\t\n<style scope=\"scope\">\n\n#gap-1840383953 {\n  padding-top: 30px;\n}\n<\/style>\n\t<\/div>\n\t\n<div class=\"row\"  id=\"row-1725585329\">\n\n\t<div class=\"col small-12 large-12\"  >\n\t\t<div class=\"col-inner text-center\" style=\"padding:15px 0px 0px 0px;margin:0px 0px -42px 0px;\" >\n\t\t\t\n\t\t\t\n<h2>DOWNLOAD<\/h2>\n<div class=\"row\"  id=\"row-1458394998\">\n\n\t<div class=\"col medium-6 small-12 large-6\"  >\n\t\t<div class=\"col-inner\" style=\"margin:0px 0px -60px 0px;\" >\n\t\t\t\n\t\t\t\n<div class=\"row\"  id=\"row-1085585358\">\n\n\t<div class=\"col small-12 large-12\"  >\n\t\t<div class=\"col-inner text-center\" style=\"background-color:rgb(17, 35, 92);padding:38px 0px 0px 0px;\" >\n\t\t\t\n\t\t\t\n<h2 style=\"text-align: center;\">Korg Pa Manager V5<\/h2>\n\t<div class=\"img has-hover hide-for-small x md-x lg-x y md-y lg-y\" id=\"image_1811345683\">\n\t\t\t\t\t\t\t\t<div class=\"img-inner dark\" >\n\t\t\t<img width=\"80\" height=\"80\" src=\"https:\/\/korg.vn\/kpm\/wp-content\/uploads\/2023\/08\/v5_logo_80x80.jpg\" class=\"attachment-original size-original\" alt=\"\" decoding=\"async\" loading=\"lazy\" \/>\t\t\t\t\t\t\n\t\t\t\t\t<\/div>\n\t\t\t\t\t\t\t\t\n<style scope=\"scope\">\n\n#image_1811345683 {\n  width: 20%;\n}\n<\/style>\n\t<\/div>\n\t\n\t<div class=\"img has-hover x md-x lg-x y md-y lg-y\" id=\"image_2135537287\">\n\t\t<a class=\"\" href=\"https:\/\/www.korgpamanager.com\/download.php?get=KORGPAManager_Setup_v5.exe\"  >\t\t\t\t\t\t<div class=\"img-inner dark\" style=\"margin:39px 0px 0px 0px;\">\n\t\t\t<img width=\"355\" height=\"143\" src=\"https:\/\/korg.vn\/kpm\/wp-content\/uploads\/2020\/06\/nut-tai-ve.jpg\" class=\"attachment-original size-original\" alt=\"\" decoding=\"async\" loading=\"lazy\" \/>\t\t\t\t\t\t\n\t\t\t\t\t<\/div>\n\t\t\t\t\t\t<\/a>\t\t\n<style scope=\"scope\">\n\n#image_2135537287 {\n  width: 62%;\n}\n\n\n@media (min-width:550px) {\n\n  #image_2135537287 {\n    width: 42%;\n  }\n\n}\n<\/style>\n\t<\/div>\n\t\n<div class=\"feature-center\">\u00a0<\/div>\n<div class=\"row downloadbox\">\n<div class=\"text-center\">\n<p style=\"text-align: center;\"><strong>B\u1ea3n d\u1ef1ng: 10 th\u00e1ng 8 n\u0103m 2023<\/strong><br \/><strong>K\u00edch th\u01b0\u1edbc: 27,3 MB<\/strong><\/p>\n<\/div>\n<\/div>\n\t\t<\/div>\n\t<\/div>\n\n\t\n<\/div>\n\t\t<\/div>\n\t<\/div>\n\n\t\n\n\t<div class=\"col medium-6 small-12 large-6\"  >\n\t\t<div class=\"col-inner\" style=\"padding:0px 0px 0px 0px;margin:53px 0px 0px 0px;\" >\n\t\t\t\n\t<div class=\"is-border is-dashed\"\n\t\tstyle=\"border-radius:24px;border-width:1px 1px 1px 1px;margin:0px 0px -44px 0px;\">\n\t<\/div>\n\t\t\t\n\t<div id=\"gap-1532554873\" class=\"gap-element clearfix\" style=\"display:block; height:auto;\">\n\t\t\n<style scope=\"scope\">\n\n#gap-1532554873 {\n  padding-top: 53px;\n}\n<\/style>\n\t<\/div>\n\t\n<h2 class=\"thin-font\" style=\"text-align: center;\"><span style=\"font-size: 23.04px;\">Y\u00eau c\u1ea7u c\u1ea5u h\u00ecnh PC<\/span><\/h2>\n<div class=\"feature-center animate-box fadeIn animated-fast\" style=\"text-align: center;\" data-animate-effect=\"fadeIn\"><span>Windows 7 \/ 8 \/ 8.1 \/ 10 \/ 11<\/span><br \/><span>\u00cdt nh\u1ea5t Intel i5 \/ AMD Ryzen 3<\/span><br \/><span>\u00cdt nh\u1ea5t 8GB Ram tr\u1edf l\u00ean<\/span><br \/><span>\u00cdt nh\u1ea5t 4GB dung l\u01b0\u1ee3ng HD tr\u1ed1ng M\u00e0n h\u00ecnh<\/span><br \/><span>c\u00f3 \u0111\u1ed9 ph\u00e2n gi\u1ea3i t\u1ed1i thi\u1ec3u 1600&#215;1024<\/span><br \/><span>Giao di\u1ec7n \u00e2m thanh \/ Card \u00e2m thanh<\/span><br \/><span>T\u00e0i kho\u1ea3n ng\u01b0\u1eddi d\u00f9ng qu\u1ea3n tr\u1ecb Windows Ho\u1ea1t<\/span><br \/><span>\u0111\u1ed9ng li\u00ean\u00a0<\/span><b><span>t\u1ee5c<\/span><\/b><span>\u00a0K\u1ebft n\u1ed1i Internet<\/span><\/div>\n\t\t<\/div>\n\t<\/div>\n\n\t\n<\/div>\n\t\t<\/div>\n\t<\/div>\n\n\t\n\n<style scope=\"scope\">\n\n#row-1725585329 > .col > .col-inner {\n  padding: 48px 0px 0px 0px;\n}\n<\/style>\n<\/div>\n\t\t<\/div>\n\n\t\t\n<style scope=\"scope\">\n\n#section_519345746 {\n  padding-top: 26px;\n  padding-bottom: 26px;\n}\n#section_519345746 .section-bg-overlay {\n  background-color: rgba(8, 10, 66, 0.5);\n}\n#section_519345746 .section-bg.bg-loaded {\n  background-image: url(https:\/\/korg.vn\/kpm\/wp-content\/uploads\/2020\/06\/bgpattern.png);\n}\n\n\n@media (min-width:550px) {\n\n  #section_519345746 {\n    padding-top: 84px;\n    padding-bottom: 84px;\n  }\n\n}\n<\/style>\n\t<\/section>\n\t\n\t<section class=\"section dark\" id=\"section_353644163\">\n\t\t<div class=\"bg section-bg fill bg-fill  \" >\n\n\t\t\t\n\t\t\t\n\t\t\t\n\n\t\t<\/div>\n\n\t\t<div class=\"section-content relative\">\n\t\t\t\n<div class=\"row\"  id=\"row-1766541620\">\n\n\t<div class=\"col small-12 large-12\"  >\n\t\t<div class=\"col-inner text-center dark\" style=\"margin:0px 0px -32px 0px;\" >\n\t\t\t\n\t\t\t\n<h4><span>* T\u00ednh n\u0103ng l\u01b0u \u0111\u00e3 b\u1ecb t\u1eaft v\u1edbi phi\u00ean b\u1ea3n D\u00f9ng th\u1eed.<\/span><\/h4>\n<p><span>*N\u1ebfu b\u1ea1n g\u1eb7p s\u1ef1 c\u1ed1 khi T\u1ea3i xu\u1ed1ng ho\u1eb7c C\u00e0i \u0111\u1eb7t KORG PA Manager, vui l\u00f2ng\u00a0<\/span><span style=\"color: #f74494;\"><span>t\u1ea1m th\u1eddi T\u1eaft<\/span><\/span><span>\u00a0ph\u1ea7n m\u1ec1m Ch\u1ed1ng vi-r\u00fat \/ B\u1ea3o m\u1eadt c\u1ee7a b\u1ea1n.<\/span><\/p>\n\t\t<\/div>\n\t<\/div>\n\n\t\n<\/div>\n\t\t<\/div>\n\n\t\t\n<style scope=\"scope\">\n\n#section_353644163 {\n  padding-top: 24px;\n  padding-bottom: 24px;\n}\n#section_353644163 .section-bg.bg-loaded {\n  background-image: url(https:\/\/korg.vn\/kpm\/wp-content\/uploads\/2020\/06\/bgpattern.png);\n}\n#section_353644163 .section-bg {\n  background-position: 53% 76%;\n}\n<\/style>\n\t<\/section>\n\t\n\t<section class=\"section dark\" id=\"section_1255668316\">\n\t\t<div class=\"bg section-bg fill bg-fill  \" >\n\n\t\t\t\n\t\t\t<div class=\"section-bg-overlay absolute fill\"><\/div>\n\t\t\t\n\n\t\t<\/div>\n\n\t\t<div class=\"section-content relative\">\n\t\t\t\n<div class=\"row\"  id=\"row-1704704599\">\n\n\t<div class=\"col small-12 large-12\"  >\n\t\t<div class=\"col-inner text-center dark\"  >\n\t\t\t\n\t\t\t\n<h1 class=\"uppercase\" style=\"text-align: center;\">T\u00cdNH N\u0102NG<\/h1>\n\t<div class=\"img has-hover x md-x lg-x y md-y lg-y\" id=\"image_847051006\">\n\t\t<a class=\"\" href=\"https:\/\/korgvietnam.com\/kpm\/tinh-nang\"  >\t\t\t\t\t\t<div class=\"img-inner image-cover dark\" style=\"padding-top:56.25%;margin:0px 0px 0px 0px;\">\n\t\t\t<img width=\"400\" height=\"225\" src=\"https:\/\/korg.vn\/kpm\/wp-content\/uploads\/2023\/08\/bgcover_v5_small.png\" class=\"attachment-original size-original\" alt=\"\" decoding=\"async\" loading=\"lazy\" \/>\t\t\t\t\t\t\n\t\t\t\t\t<\/div>\n\t\t\t\t\t\t<\/a>\t\t\n<style scope=\"scope\">\n\n#image_847051006 {\n  width: 38%;\n}\n<\/style>\n\t<\/div>\n\t\n<p>B\u1ea5m \u0111\u1ec3 xem \u0111\u1ea7y \u0111\u1ee7 t\u00ednh n\u0103ng<\/p>\n\t\t<\/div>\n\t<\/div>\n\n\t\n\n\t<div class=\"col small-12 large-12\"  >\n\t\t<div class=\"col-inner text-center\"  >\n\t\t\t\n\t\t\t\n<h2>DOWNLOAD<\/h2>\n<div class=\"row\"  id=\"row-1748125188\">\n\n\t<div class=\"col medium-6 small-12 large-6\"  >\n\t\t<div class=\"col-inner\" style=\"margin:0px 0px -60px 0px;\" >\n\t\t\t\n\t\t\t\n<h2 style=\"text-align: center;\">Korg Pa Manager V4<\/h2>\n<div class=\"row\"  id=\"row-759860489\">\n\n\t<div class=\"col small-12 large-12\"  >\n\t\t<div class=\"col-inner text-center\"  >\n\t\t\t\n\t\t\t\n\t<div class=\"img has-hover hide-for-small x md-x lg-x y md-y lg-y\" id=\"image_1222505280\">\n\t\t\t\t\t\t\t\t<div class=\"img-inner dark\" >\n\t\t\t<img width=\"128\" height=\"128\" src=\"https:\/\/korg.vn\/kpm\/wp-content\/uploads\/2020\/06\/v4_logo_128x128.jpg\" class=\"attachment-original size-original\" alt=\"\" decoding=\"async\" loading=\"lazy\" srcset=\"https:\/\/korg.vn\/kpm\/wp-content\/uploads\/2020\/06\/v4_logo_128x128.jpg 128w, https:\/\/korg.vn\/kpm\/wp-content\/uploads\/2020\/06\/v4_logo_128x128-100x100.jpg 100w\" sizes=\"(max-width: 128px) 100vw, 128px\" \/>\t\t\t\t\t\t\n\t\t\t\t\t<\/div>\n\t\t\t\t\t\t\t\t\n<style scope=\"scope\">\n\n#image_1222505280 {\n  width: 18%;\n}\n<\/style>\n\t<\/div>\n\t\n\t<div class=\"img has-hover x md-x lg-x y md-y lg-y\" id=\"image_307128266\">\n\t\t<a class=\"\" href=\"https:\/\/www.korgpamanager.com\/download.php?get=KORGPAManager_Setup_v4.exe\"  >\t\t\t\t\t\t<div class=\"img-inner dark\" >\n\t\t\t<img width=\"355\" height=\"143\" src=\"https:\/\/korg.vn\/kpm\/wp-content\/uploads\/2020\/06\/nut-tai-ve.jpg\" class=\"attachment-original size-original\" alt=\"\" decoding=\"async\" loading=\"lazy\" \/>\t\t\t\t\t\t\n\t\t\t\t\t<\/div>\n\t\t\t\t\t\t<\/a>\t\t\n<style scope=\"scope\">\n\n#image_307128266 {\n  width: 62%;\n}\n\n\n@media (min-width:550px) {\n\n  #image_307128266 {\n    width: 59%;\n  }\n\n}\n<\/style>\n\t<\/div>\n\t\n<h5 class=\"uppercase\" style=\"text-align: center;\"><span>Phi\u00ean b\u1ea3n v4.1 [B\u1ea3n d\u1ef1ng: 01\/07\/2023] |\u00a0<\/span><\/h5>\n<h5 class=\"uppercase\" style=\"text-align: center;\"><span>K\u00edch th\u01b0\u1edbc: 25,5 MB<\/span><\/h5>\n\t\t<\/div>\n\t<\/div>\n\n\t\n<\/div>\n\t\t<\/div>\n\t<\/div>\n\n\t\n\n\t<div class=\"col medium-6 small-12 large-6\"  >\n\t\t<div class=\"col-inner\"  >\n\t\t\t\n\t\t\t\n<h2 class=\"thin-font\" style=\"text-align: center;\"><span style=\"font-size: 23.04px;\">Y\u00eau c\u1ea7u c\u1ea5u h\u00ecnh PC<\/span><\/h2>\n<div class=\"feature-center animate-box fadeIn animated-fast\" style=\"text-align: center;\" data-animate-effect=\"fadeIn\">Windows 7 \/ 8 \/ 8.1 \/ 10<br \/>Intel or AMD processor<br \/>4GB Ram or more<br \/>Active constant Internet Connection<br \/>Monitor with at least 1600&#215;1024 Resolution<br \/>Audio Interface \/ Sound Card<br \/>Admin User Account<\/div>\n\t\t<\/div>\n\t<\/div>\n\n\t\n<\/div>\n\t\t<\/div>\n\t<\/div>\n\n\t\n<\/div>\n<h2 style=\"text-align: center;\">T\u00ecm phi\u00ean b\u1ea3n kh\u00e1c<\/h2>\n\t\t<\/div>\n\n\t\t\n<style scope=\"scope\">\n\n#section_1255668316 {\n  padding-top: 30px;\n  padding-bottom: 30px;\n}\n#section_1255668316 .section-bg-overlay {\n  background-color: rgba(17, 12, 77, 0.5);\n}\n#section_1255668316 .section-bg.bg-loaded {\n  background-image: url(https:\/\/korg.vn\/kpm\/wp-content\/uploads\/2020\/06\/bgpattern.png);\n}\n#section_1255668316 .section-bg {\n  background-position: 47% 31%;\n}\n<\/style>\n\t<\/section>\n\t\n\t<section class=\"section dark\" id=\"section_1882711401\">\n\t\t<div class=\"bg section-bg fill bg-fill  \" >\n\n\t\t\t\n\t\t\t\n\t\t\t\n\n\t\t<\/div>\n\n\t\t<div class=\"section-content relative\">\n\t\t\t\n<div class=\"row\"  id=\"row-1959262904\">\n\n\t<div class=\"col small-12 large-12\"  >\n\t\t<div class=\"col-inner text-center\" style=\"padding:9px 0px 0px 0px;\" >\n\t\t\t\n\t\t\t\n\t<div class=\"img has-hover x md-x lg-x y md-y lg-y\" id=\"image_1777392732\">\n\t\t\t\t\t\t\t\t<div class=\"img-inner dark\" >\n\t\t\t<img width=\"300\" height=\"74\" src=\"https:\/\/korg.vn\/kpm\/wp-content\/uploads\/2020\/06\/apple_logo_300x74.png\" class=\"attachment-original size-original\" alt=\"\" decoding=\"async\" loading=\"lazy\" \/>\t\t\t\t\t\t\n\t\t\t\t\t<\/div>\n\t\t\t\t\t\t\t\t\n<style scope=\"scope\">\n\n#image_1777392732 {\n  width: 33%;\n}\n<\/style>\n\t<\/div>\n\t\n\t\t<\/div>\n\t<\/div>\n\n\t\n<\/div>\n<h2 class=\"uppercase\" style=\"text-align: center;\">mac KH\u00d4NG H\u1ed6 TR\u1ee2<\/h2>\n<h4 style=\"text-align: center;\"><span>Ngo\u00e0i ra, b\u1ea1n c\u00f3 th\u1ec3 s\u1eed d\u1ee5ng\u00a0<\/span><a href=\"https:\/\/support.apple.com\/en-gb\/HT201468\"><span style=\"color: #99ff00;\"><span>Boot Camp<\/span><\/span><\/a><span>\u00a0\u0111\u1ec3 ch\u1ea1y Windows tr\u00ean m\u00e1y Mac c\u1ee7a m\u00ecnh.<\/span><\/h4>\n\t\t<\/div>\n\n\t\t\n<style scope=\"scope\">\n\n#section_1882711401 {\n  padding-top: 12px;\n  padding-bottom: 12px;\n}\n#section_1882711401 .section-bg.bg-loaded {\n  background-image: url(https:\/\/korg.vn\/kpm\/wp-content\/uploads\/2020\/06\/bgpattern.png);\n}\n<\/style>\n\t<\/section>\n\t\n","protected":false},"excerpt":{"rendered":"","protected":false},"author":2,"featured_media":290,"parent":0,"menu_order":0,"comment_status":"closed","ping_status":"closed","template":"page-transparent-header-light.php","meta":[],"yst_prominent_words":[],"yoast_head":"<!-- This site is optimized with the Yoast SEO Premium plugin v14.1 - https:\/\/yoast.com\/wordpress\/plugins\/seo\/ -->\n<title>T\u1ea3i v\u1ec1 - Korg Pa Manager<\/title>\n<meta name=\"description\" content=\"Qu\u1ea3n l\u00fd v\u00e0 s\u1eafp x\u1ebfp KORG PA SET tr\u00ean PC c\u1ee7a b\u1ea1n m\u1ed9t c\u00e1ch d\u1ec5 d\u00e0ng. Kh\u00e1m ph\u00e1 n\u1ed9i dung c\u1ee7a SET m\u00e0 kh\u00f4ng c\u1ea7n ph\u1ea3i t\u1ea3i n\u00f3 v\u00e0o KORG PA Arranger. B\u1ea3n sao v\u00e0 chuy\u1ec3n t\u1ea5t c\u1ea3 c\u00e1c m\u1eabu \u00c2m thanh &amp; PCM c\u1ea7n thi\u1ebft t\u1ef1 \u0111\u1ed9ng. Tr\u1ed9n nhi\u1ec1u SET ch\u1ec9 v\u1edbi m\u1ed9t v\u00e0i c\u00fa nh\u1ea5p chu\u1ed9t.\" \/>\n<meta name=\"robots\" content=\"index, follow\" \/>\n<meta name=\"googlebot\" content=\"index, follow, max-snippet:-1, max-image-preview:large, max-video-preview:-1\" \/>\n<meta name=\"bingbot\" content=\"index, follow, max-snippet:-1, max-image-preview:large, max-video-preview:-1\" \/>\n<link rel=\"canonical\" href=\"https:\/\/korg.vn\/kpm\/tai-ve\" \/>\n<meta property=\"og:locale\" content=\"vi_VN\" \/>\n<meta property=\"og:type\" content=\"article\" \/>\n<meta property=\"og:title\" content=\"T\u1ea3i v\u1ec1 - Korg Pa Manager\" \/>\n<meta property=\"og:description\" content=\"Qu\u1ea3n l\u00fd v\u00e0 s\u1eafp x\u1ebfp KORG PA SET tr\u00ean PC c\u1ee7a b\u1ea1n m\u1ed9t c\u00e1ch d\u1ec5 d\u00e0ng. Kh\u00e1m ph\u00e1 n\u1ed9i dung c\u1ee7a SET m\u00e0 kh\u00f4ng c\u1ea7n ph\u1ea3i t\u1ea3i n\u00f3 v\u00e0o KORG PA Arranger. B\u1ea3n sao v\u00e0 chuy\u1ec3n t\u1ea5t c\u1ea3 c\u00e1c m\u1eabu \u00c2m thanh &amp; PCM c\u1ea7n thi\u1ebft t\u1ef1 \u0111\u1ed9ng. Tr\u1ed9n nhi\u1ec1u SET ch\u1ec9 v\u1edbi m\u1ed9t v\u00e0i c\u00fa nh\u1ea5p chu\u1ed9t.\" \/>\n<meta property=\"og:url\" content=\"https:\/\/korg.vn\/kpm\/tai-ve\" \/>\n<meta property=\"og:site_name\" content=\"Korg Pa Manager\" \/>\n<meta property=\"article:modified_time\" content=\"2023-08-13T13:17:26+00:00\" \/>\n<meta property=\"og:image\" content=\"https:\/\/korg.vn\/kpm\/wp-content\/uploads\/2020\/06\/maxresdefault.jpg\" \/>\n\t<meta property=\"og:image:width\" content=\"1280\" \/>\n\t<meta property=\"og:image:height\" content=\"720\" \/>\n<meta name=\"twitter:card\" content=\"summary_large_image\" \/>\n<script type=\"application\/ld+json\" class=\"yoast-schema-graph\">{\"@context\":\"https:\/\/schema.org\",\"@graph\":[{\"@type\":\"WebSite\",\"@id\":\"https:\/\/korg.vn\/kpm\/#website\",\"url\":\"https:\/\/korg.vn\/kpm\/\",\"name\":\"Korg Pa Manager\",\"description\":\"Ph\\u1ea7n m\\u1ec1m qu\\u1ea3n l\\u00fd, bi\\u00ean t\\u1eadp, ch\\u1ec9nh s\\u1eeda d\\u1eef li\\u1ec7u cho \\u0111\\u00e0n Korg Pa\",\"potentialAction\":[{\"@type\":\"SearchAction\",\"target\":\"https:\/\/korg.vn\/kpm\/?s={search_term_string}\",\"query-input\":\"required name=search_term_string\"}],\"inLanguage\":\"vi\"},{\"@type\":\"ImageObject\",\"@id\":\"https:\/\/korg.vn\/kpm\/tai-ve#primaryimage\",\"inLanguage\":\"vi\",\"url\":\"https:\/\/korg.vn\/kpm\/wp-content\/uploads\/2020\/06\/maxresdefault.jpg\",\"width\":1280,\"height\":720},{\"@type\":\"WebPage\",\"@id\":\"https:\/\/korg.vn\/kpm\/tai-ve#webpage\",\"url\":\"https:\/\/korg.vn\/kpm\/tai-ve\",\"name\":\"T\\u1ea3i v\\u1ec1 - Korg Pa Manager\",\"isPartOf\":{\"@id\":\"https:\/\/korg.vn\/kpm\/#website\"},\"primaryImageOfPage\":{\"@id\":\"https:\/\/korg.vn\/kpm\/tai-ve#primaryimage\"},\"datePublished\":\"2020-06-13T17:10:15+00:00\",\"dateModified\":\"2023-08-13T13:17:26+00:00\",\"description\":\"Qu\\u1ea3n l\\u00fd v\\u00e0 s\\u1eafp x\\u1ebfp KORG PA SET tr\\u00ean PC c\\u1ee7a b\\u1ea1n m\\u1ed9t c\\u00e1ch d\\u1ec5 d\\u00e0ng. Kh\\u00e1m ph\\u00e1 n\\u1ed9i dung c\\u1ee7a SET m\\u00e0 kh\\u00f4ng c\\u1ea7n ph\\u1ea3i t\\u1ea3i n\\u00f3 v\\u00e0o KORG PA Arranger. B\\u1ea3n sao v\\u00e0 chuy\\u1ec3n t\\u1ea5t c\\u1ea3 c\\u00e1c m\\u1eabu \\u00c2m thanh & PCM c\\u1ea7n thi\\u1ebft t\\u1ef1 \\u0111\\u1ed9ng. Tr\\u1ed9n nhi\\u1ec1u SET ch\\u1ec9 v\\u1edbi m\\u1ed9t v\\u00e0i c\\u00fa nh\\u1ea5p chu\\u1ed9t.\",\"inLanguage\":\"vi\",\"potentialAction\":[{\"@type\":\"ReadAction\",\"target\":[\"https:\/\/korg.vn\/kpm\/tai-ve\"]}]}]}<\/script>\n<!-- \/ Yoast SEO Premium plugin. -->","_links":{"self":[{"href":"https:\/\/korg.vn\/kpm\/wp-json\/wp\/v2\/pages\/294"}],"collection":[{"href":"https:\/\/korg.vn\/kpm\/wp-json\/wp\/v2\/pages"}],"about":[{"href":"https:\/\/korg.vn\/kpm\/wp-json\/wp\/v2\/types\/page"}],"author":[{"embeddable":true,"href":"https:\/\/korg.vn\/kpm\/wp-json\/wp\/v2\/users\/2"}],"replies":[{"embeddable":true,"href":"https:\/\/korg.vn\/kpm\/wp-json\/wp\/v2\/comments?post=294"}],"version-history":[{"count":70,"href":"https:\/\/korg.vn\/kpm\/wp-json\/wp\/v2\/pages\/294\/revisions"}],"predecessor-version":[{"id":714,"href":"https:\/\/korg.vn\/kpm\/wp-json\/wp\/v2\/pages\/294\/revisions\/714"}],"wp:featuredmedia":[{"embeddable":true,"href":"https:\/\/korg.vn\/kpm\/wp-json\/wp\/v2\/media\/290"}],"wp:attachment":[{"href":"https:\/\/korg.vn\/kpm\/wp-json\/wp\/v2\/media?parent=294"}],"wp:term":[{"taxonomy":"yst_prominent_words","embeddable":true,"href":"https:\/\/korg.vn\/kpm\/wp-json\/wp\/v2\/yst_prominent_words?post=294"}],"curies":[{"name":"wp","href":"https:\/\/api.w.org\/{rel}","templated":true}]}}