{"id":289,"date":"2020-06-13T17:06:31","date_gmt":"2020-06-13T17:06:31","guid":{"rendered":"http:\/\/korgvietnam.com\/kpm\/?page_id=289"},"modified":"2023-08-08T18:50:22","modified_gmt":"2023-08-08T11:50:22","slug":"trang-chu","status":"publish","type":"page","link":"https:\/\/korg.vn\/kpm\/","title":{"rendered":"Trang ch\u1ee7"},"content":{"rendered":"\t<section class=\"section dark\" id=\"section_1672942965\">\n\t\t<div class=\"bg section-bg fill bg-fill  \" >\n\n\t\t\t\n\t\t\t<div class=\"section-bg-overlay absolute fill\"><\/div>\n\t\t\t\n\n\t\t<\/div>\n\n\t\t<div class=\"section-content relative\">\n\t\t\t\n<div class=\"row\"  id=\"row-237961109\">\n\n<style scope=\"scope\">\n\n#row-237961109 > .col > .col-inner {\n  padding: 90px 0px 0px 0px;\n}\n<\/style>\n<\/div>\n<div class=\"row\"  id=\"row-1119990911\">\n\n\t<div class=\"col small-12 large-12\"  >\n\t\t<div class=\"col-inner text-center\" style=\"padding:4px 0px 0px 0px;\" >\n\t\t\t\n\t\t\t\n<div class=\"row\"  id=\"row-1523031961\">\n\n\t<div class=\"col medium-6 small-12 large-6\"  >\n\t\t<div class=\"col-inner\"  >\n\t\t\t\n\t\t\t\n<h1 class=\"uppercase\" style=\"text-align: left;\"><span style=\"font-size: 200%;\"><strong>KORG PA <\/strong><\/span><\/h1>\n<h1 class=\"uppercase\" style=\"text-align: left;\"><span style=\"font-size: 200%;\"><strong>MANAGER<\/strong><\/span><\/h1>\n<p class=\"lead\" style=\"text-align: left;\">Tr\u00ecnh ch\u1ec9nh s\u1eeda PC SET. Nhanh ch\u00f3ng, tr\u1ef1c quan, d\u1ec5 s\u1eed d\u1ee5ng.<\/p>\n<p>\u00a0<\/p>\n<p>Qu\u1ea3n l\u00fd \/ S\u1eafp x\u1ebfp \/ Kh\u00e1m ph\u00e1 KORG PA SET tr\u00ean PC c\u1ee7a b\u1ea1n m\u1ed9t c\u00e1ch d\u1ec5 d\u00e0ng. B\u1ea3n sao Chuy\u1ec3n t\u1ea5t c\u1ea3 c\u00e1c m\u1eabu PCM \u00c2m thanh c\u1ea7n thi\u1ebft t\u1ef1 \u0111\u1ed9ng. Tr\u1ed9n nhi\u1ec1u SET ch\u1ec9 v\u1edbi m\u1ed9t v\u00e0i c\u00fa nh\u1ea5p chu\u1ed9t v\u00e0 nhi\u1ec1u h\u01a1n n\u1eefa &#8230;<\/p>\n<p>\u00a0<\/p>\n<div class=\"row\"  id=\"row-1187465182\">\n\n\t<div class=\"col medium-6 small-12 large-6\"  >\n\t\t<div class=\"col-inner text-center\"  >\n\t\t\t\n\t\t\t\n\t<div class=\"img has-hover x md-x lg-x y md-y lg-y\" id=\"image_1517316854\">\n\t\t<a class=\"\" href=\"https:\/\/korg.vn\/kpm\/tai-ve\"  >\t\t\t\t\t\t<div class=\"img-inner dark\" >\n\t\t\t<img width=\"355\" height=\"143\" src=\"https:\/\/korg.vn\/kpm\/wp-content\/uploads\/2020\/06\/nut-tai-ve.jpg\" class=\"attachment-original size-original\" alt=\"\" decoding=\"async\" loading=\"lazy\" \/>\t\t\t\t\t\t\n\t\t\t\t\t<\/div>\n\t\t\t\t\t\t<\/a>\t\t\n<style scope=\"scope\">\n\n#image_1517316854 {\n  width: 85%;\n}\n\n\n@media (min-width:550px) {\n\n  #image_1517316854 {\n    width: 90%;\n  }\n\n}\n<\/style>\n\t<\/div>\n\t\n\t\t<\/div>\n\t<\/div>\n\n\t\n\n\t<div class=\"col medium-6 small-12 large-6\"  >\n\t\t<div class=\"col-inner text-center\"  >\n\t\t\t\n\t\t\t\n\t<div class=\"img has-hover x md-x lg-x y md-y lg-y\" id=\"image_1592758873\">\n\t\t<a class=\"\" href=\"https:\/\/korg.vn\/kpm\/mua-ngay\"  >\t\t\t\t\t\t<div class=\"img-inner dark\" >\n\t\t\t<img width=\"355\" height=\"143\" src=\"https:\/\/korg.vn\/kpm\/wp-content\/uploads\/2020\/06\/nut-muangay.jpg\" class=\"attachment-original size-original\" alt=\"\" decoding=\"async\" loading=\"lazy\" \/>\t\t\t\t\t\t\n\t\t\t\t\t<\/div>\n\t\t\t\t\t\t<\/a>\t\t\n<style scope=\"scope\">\n\n#image_1592758873 {\n  width: 85%;\n}\n\n\n@media (min-width:550px) {\n\n  #image_1592758873 {\n    width: 90%;\n  }\n\n}\n<\/style>\n\t<\/div>\n\t\n\t\t<\/div>\n\t<\/div>\n\n\t\n<\/div>\n\t\t<\/div>\n\t<\/div>\n\n\t\n\n\t<div class=\"col medium-6 small-12 large-6\"  >\n\t\t<div class=\"col-inner text-center\"  >\n\t\t\t\n\t\t\t\n\t<div class=\"img has-hover x md-x lg-x y md-y lg-y\" id=\"image_545949076\">\n\t\t\t\t\t\t\t\t<div class=\"img-inner image-cover dark\" style=\"padding-top:89%;margin:-100px 0px -78px 0px;\">\n\t\t\t<img width=\"400\" height=\"225\" src=\"https:\/\/korg.vn\/kpm\/wp-content\/uploads\/2023\/08\/bgcover_v5_small.png\" class=\"attachment-original size-original\" alt=\"\" decoding=\"async\" loading=\"lazy\" \/>\t\t\t\t\t\t\n\t\t\t\t\t<\/div>\n\t\t\t\t\t\t\t\t\n<style scope=\"scope\">\n\n#image_545949076 {\n  width: 69%;\n}\n\n\n@media (min-width:550px) {\n\n  #image_545949076 {\n    width: 86%;\n  }\n\n}\n<\/style>\n\t<\/div>\n\t\n\t\t<\/div>\n\t<\/div>\n\n\t\n\n<style scope=\"scope\">\n\n#row-1523031961 > .col > .col-inner {\n  padding: 86px 0px 0px 0px;\n}\n\n\n@media (min-width:550px) {\n\n  #row-1523031961 > .col > .col-inner {\n    padding: 93px 0px 0px 0px;\n  }\n\n}\n<\/style>\n<\/div>\n\t\t<\/div>\n\t<\/div>\n\n\t\n<\/div>\n<div class=\"row\"  id=\"row-887620608\">\n\n\t<div class=\"col small-12 large-12\"  >\n\t\t<div class=\"col-inner\"  >\n\t\t\t\n\t\t\t\n\t\t<\/div>\n\t<\/div>\n\n\t\n<\/div>\n\t\t<\/div>\n\n\t\t\n<style scope=\"scope\">\n\n#section_1672942965 {\n  padding-top: 30px;\n  padding-bottom: 30px;\n}\n#section_1672942965 .section-bg-overlay {\n  background-color: rgba(5, 41, 174, 0.5);\n}\n#section_1672942965 .section-bg.bg-loaded {\n  background-image: url(https:\/\/korg.vn\/kpm\/wp-content\/uploads\/2023\/08\/v5_cover.png);\n}\n#section_1672942965 .section-bg {\n  background-position: 54% 32%;\n}\n<\/style>\n\t<\/section>\n\t\n\t<section class=\"section dark\" id=\"section_1893101475\">\n\t\t<div class=\"bg section-bg fill bg-fill  \" >\n\n\t\t\t\n\t\t\t<div class=\"section-bg-overlay absolute fill\"><\/div>\n\t\t\t\n\n\t\t<\/div>\n\n\t\t<div class=\"section-content relative\">\n\t\t\t\n<div class=\"row\"  id=\"row-1228758845\">\n\n\t<div class=\"col small-12 large-12\"  >\n\t\t<div class=\"col-inner text-center\"  >\n\t\t\t\n\t\t\t\n\t<div class=\"img has-hover x md-x lg-x y md-y lg-y\" id=\"image_2134910718\">\n\t\t\t\t\t\t\t\t<div class=\"img-inner image-cover dark\" style=\"padding-top:48%;margin:37px 0px -16px 0px;\">\n\t\t\t<img width=\"1600\" height=\"600\" src=\"https:\/\/korg.vn\/kpm\/wp-content\/uploads\/2020\/06\/newbanner.png\" class=\"attachment-original size-original\" alt=\"\" decoding=\"async\" loading=\"lazy\" srcset=\"https:\/\/korg.vn\/kpm\/wp-content\/uploads\/2020\/06\/newbanner.png 1600w, https:\/\/korg.vn\/kpm\/wp-content\/uploads\/2020\/06\/newbanner-600x225.png 600w, https:\/\/korg.vn\/kpm\/wp-content\/uploads\/2020\/06\/newbanner-800x300.png 800w, https:\/\/korg.vn\/kpm\/wp-content\/uploads\/2020\/06\/newbanner-1400x525.png 1400w, https:\/\/korg.vn\/kpm\/wp-content\/uploads\/2020\/06\/newbanner-768x288.png 768w, https:\/\/korg.vn\/kpm\/wp-content\/uploads\/2020\/06\/newbanner-1536x576.png 1536w\" sizes=\"(max-width: 1600px) 100vw, 1600px\" \/>\t\t\t\t\t\t\n\t\t\t\t\t<\/div>\n\t\t\t\t\t\t\t\t\n<style scope=\"scope\">\n\n#image_2134910718 {\n  width: 100%;\n}\n<\/style>\n\t<\/div>\n\t\n<div class=\"video-button-wrapper\" style=\"font-size:128%\"><a href=\"https:\/\/www.youtube.com\/watch?v=0-O1s0cEc8o\" class=\"button open-video icon circle is-outline is-xlarge\"><i class=\"icon-play\" style=\"font-size:1.5em;\"><\/i><\/a><\/div>\n\t\t<\/div>\n\t<\/div>\n\n\t\n<\/div>\n\t\t<\/div>\n\n\t\t\n<style scope=\"scope\">\n\n#section_1893101475 {\n  padding-top: 30px;\n  padding-bottom: 30px;\n}\n#section_1893101475 .section-bg-overlay {\n  background-color: rgba(5, 41, 174, 0.5);\n}\n#section_1893101475 .section-bg.bg-loaded {\n  background-image: url(https:\/\/korg.vn\/kpm\/wp-content\/uploads\/2020\/06\/bgpattern.png);\n}\n<\/style>\n\t<\/section>\n\t\n\t<section class=\"section dark\" id=\"section_223092760\">\n\t\t<div class=\"bg section-bg fill bg-fill  \" >\n\n\t\t\t\n\t\t\t<div class=\"section-bg-overlay absolute fill\"><\/div>\n\t\t\t\n\n\t\t<\/div>\n\n\t\t<div class=\"section-content relative\">\n\t\t\t\n<div class=\"row\"  id=\"row-1846235648\">\n\n\t<div class=\"col small-12 large-12\"  >\n\t\t<div class=\"col-inner dark\"  >\n\t\t\t\n\t\t\t\n<h1 class=\"uppercase\" style=\"text-align: center;\">Features<\/h1>\n\t\t<\/div>\n\t<\/div>\n\n\t\n<\/div>\n<div class=\"row\"  id=\"row-495754225\">\n\n\t<div class=\"col small-12 large-12\"  >\n\t\t<div class=\"col-inner text-center\" style=\"padding:0px 0px 0px 0px;\" >\n\t\t\t\n\t\t\t\n<div class=\"row\"  id=\"row-828496906\">\n\n\t<div class=\"col medium-3 small-6 large-3\"  >\n\t\t<div class=\"col-inner text-center dark\"  >\n\t\t\t\n\t\t\t\n\t<div class=\"box has-hover   has-hover box-text-bottom\" >\n\n\t\t<div class=\"box-image\" >\n\t\t\t\t\t\t<div class=\"\" >\n\t\t\t\t<img width=\"215\" height=\"160\" src=\"https:\/\/korg.vn\/kpm\/wp-content\/uploads\/2023\/08\/features1.png\" class=\"attachment- size-\" alt=\"\" decoding=\"async\" loading=\"lazy\" \/>\t\t\t\t\t\t\t\t\t\t\t<\/div>\n\t\t\t\t\t<\/div>\n\n\t\t<div class=\"box-text text-center\" >\n\t\t\t<div class=\"box-text-inner\">\n\t\t\t\t\n<h4><strong>QU\u1ea2N L\u00dd SET<\/strong><\/h4>\n<p><strong>Ch\u1ec9nh s\u1eeda \/ Mix \/ K\u1ebft h\u1ee3p<\/strong><br \/><strong>K\u1ebft h\u1ee3p SET d\u1ec5 d\u00e0ng.<\/strong><\/p>\n<p>\u00a0<\/p>\n\t\t\t<\/div>\n\t\t<\/div>\n\t<\/div>\n\t\n\t\t<\/div>\n\t<\/div>\n\n\t\n\n\t<div class=\"col medium-3 small-6 large-3\"  >\n\t\t<div class=\"col-inner text-center\"  >\n\t\t\t\n\t\t\t\n\t<div class=\"box has-hover   has-hover box-text-bottom\" >\n\n\t\t<div class=\"box-image\" >\n\t\t\t\t\t\t<div class=\"\" >\n\t\t\t\t<img width=\"215\" height=\"160\" src=\"https:\/\/korg.vn\/kpm\/wp-content\/uploads\/2023\/08\/features7.png\" class=\"attachment- size-\" alt=\"\" decoding=\"async\" loading=\"lazy\" \/>\t\t\t\t\t\t\t\t\t\t\t<\/div>\n\t\t\t\t\t<\/div>\n\n\t\t<div class=\"box-text text-center\" >\n\t\t\t<div class=\"box-text-inner\">\n\t\t\t\t\n<h4><strong>\u0110A NG\u00d4N NG\u1eee<\/strong><\/h4>\n<p><strong>Korg Pa Manager h\u1ed7 tr\u1ee3 30 ng\u00f4n ng\u1eef<\/strong><\/p>\n<p>\u00a0<\/p>\n\t\t\t<\/div>\n\t\t<\/div>\n\t<\/div>\n\t\n\t\t<\/div>\n\t<\/div>\n\n\t\n\n\t<div class=\"col medium-3 small-6 large-3\"  >\n\t\t<div class=\"col-inner text-center\"  >\n\t\t\t\n\t\t\t\n\t<div class=\"box has-hover   has-hover box-text-bottom\" >\n\n\t\t<div class=\"box-image\" >\n\t\t\t\t\t\t<div class=\"\" >\n\t\t\t\t<img width=\"215\" height=\"160\" src=\"https:\/\/korg.vn\/kpm\/wp-content\/uploads\/2023\/08\/features2.png\" class=\"attachment- size-\" alt=\"\" decoding=\"async\" loading=\"lazy\" \/>\t\t\t\t\t\t\t\t\t\t\t<\/div>\n\t\t\t\t\t<\/div>\n\n\t\t<div class=\"box-text text-center\" >\n\t\t\t<div class=\"box-text-inner\">\n\t\t\t\t\n<h4><strong>KORG PA5X<\/strong><\/h4>\n<p><strong>H\u1ed7 tr\u1ee3 \u0111\u1ea7y \u0111\u1ee7 4 GB cho<\/strong><br \/><strong>KORG Pa5X<\/strong><\/p>\n<p>\u00a0<\/p>\n\t\t\t<\/div>\n\t\t<\/div>\n\t<\/div>\n\t\n\t\t<\/div>\n\t<\/div>\n\n\t\n\n\t<div class=\"col medium-3 small-6 large-3\"  >\n\t\t<div class=\"col-inner text-center\"  >\n\t\t\t\n\t\t\t\n\t<div class=\"box has-hover   has-hover box-text-bottom\" >\n\n\t\t<div class=\"box-image\" >\n\t\t\t\t\t\t<div class=\"\" >\n\t\t\t\t<img width=\"215\" height=\"160\" src=\"https:\/\/korg.vn\/kpm\/wp-content\/uploads\/2023\/08\/features13.png\" class=\"attachment- size-\" alt=\"\" decoding=\"async\" loading=\"lazy\" \/>\t\t\t\t\t\t\t\t\t\t\t<\/div>\n\t\t\t\t\t<\/div>\n\n\t\t<div class=\"box-text text-center\" >\n\t\t\t<div class=\"box-text-inner\">\n\t\t\t\t\n<h4><strong>PH\u00c1T L\u1ea0I STYLE<\/strong><\/h4>\n<p><strong>Ch\u01a1i Styles v\u00e0 Pads tr\u1ef1c ti\u1ebfp tr\u00ean PC c\u1ee7a b\u1ea1n.<\/strong><\/p>\n<p><span style=\"font-size: 75%;\"><em>*(Hi\u1ec7n kh\u00f4ng kh\u1ea3 d\u1ee5ng v\u1edbi PA5X)<\/em><\/span><\/p>\n<p>\u00a0<\/p>\n\t\t\t<\/div>\n\t\t<\/div>\n\t<\/div>\n\t\n\t\t<\/div>\n\t<\/div>\n\n\t\n<\/div>\n<div class=\"row\"  id=\"row-257709971\">\n\n\t<div class=\"col small-12 large-12\"  >\n\t\t<div class=\"col-inner\"  >\n\t\t\t\n\t\t\t\n<a href=\"https:\/\/korg.vn\/kpm\/tinh-nang\" target=\"_self\" class=\"button primary is-shade is-larger\"  >\n    <span>XEM TH\u00caM<\/span>\n  <\/a>\n\n\t\t<\/div>\n\t<\/div>\n\n\t\n<\/div>\n\t\t<\/div>\n\t<\/div>\n\n\t\n<\/div>\n<div class=\"row\"  id=\"row-772410775\">\n\n\t<div class=\"col medium-6 small-12 large-6\"  >\n\t\t<div class=\"col-inner\"  >\n\t\t\t\n\t\t\t\n\t<div class=\"img has-hover x md-x lg-x y md-y lg-y\" id=\"image_2007992229\">\n\t\t\t\t\t\t\t\t<div class=\"img-inner dark\" >\n\t\t\t<img width=\"1020\" height=\"574\" src=\"https:\/\/korg.vn\/kpm\/wp-content\/uploads\/2023\/08\/bgcover_v5-1400x788.png\" class=\"attachment-large size-large\" alt=\"\" decoding=\"async\" loading=\"lazy\" srcset=\"https:\/\/korg.vn\/kpm\/wp-content\/uploads\/2023\/08\/bgcover_v5-1400x788.png 1400w, https:\/\/korg.vn\/kpm\/wp-content\/uploads\/2023\/08\/bgcover_v5-711x400.png 711w, https:\/\/korg.vn\/kpm\/wp-content\/uploads\/2023\/08\/bgcover_v5-768x432.png 768w, https:\/\/korg.vn\/kpm\/wp-content\/uploads\/2023\/08\/bgcover_v5-1536x864.png 1536w, https:\/\/korg.vn\/kpm\/wp-content\/uploads\/2023\/08\/bgcover_v5-2048x1152.png 2048w, https:\/\/korg.vn\/kpm\/wp-content\/uploads\/2023\/08\/bgcover_v5-600x338.png 600w\" sizes=\"(max-width: 1020px) 100vw, 1020px\" \/>\t\t\t\t\t\t\n\t\t\t\t\t<\/div>\n\t\t\t\t\t\t\t\t\n<style scope=\"scope\">\n\n#image_2007992229 {\n  width: 100%;\n}\n<\/style>\n\t<\/div>\n\t\n\t\t<\/div>\n\t<\/div>\n\n\t\n\n\t<div class=\"col medium-6 small-12 large-6\"  >\n\t\t<div class=\"col-inner text-center\" style=\"padding:21px 0px 0px 0px;\" >\n\t\t\t\n\t\t\t\n<h5 class=\"uppercase\" style=\"text-align: center;\"><span style=\"font-size: 140%;\">l\u1ecbch s\u1eed c\u00e1c phi\u00ean b\u1ea3n<\/span><\/h5>\n<p>\u0110\u1ec3 xem l\u1ecbch s\u1eed c\u00e1c phi\u00ean b\u1ea3n vui l\u00f2ng b\u1ea5m \u0111\u1ec3 xem th\u00eam chi ti\u1ebft<\/p>\n<a href=\"https:\/\/korg.vn\/kpm\/lich-su-phien-ban\" target=\"_self\" class=\"button primary is-shade is-xlarge\"  >\n    <span>XEM NGAY<\/span>\n  <\/a>\n\n\t\t<\/div>\n\t<\/div>\n\n\t\n<\/div>\n\t\t<\/div>\n\n\t\t\n<style scope=\"scope\">\n\n#section_223092760 {\n  padding-top: 30px;\n  padding-bottom: 30px;\n}\n#section_223092760 .section-bg-overlay {\n  background-color: rgba(5, 41, 174, 0.5);\n}\n#section_223092760 .section-bg.bg-loaded {\n  background-image: url(https:\/\/korg.vn\/kpm\/wp-content\/uploads\/2020\/06\/bgpattern.png);\n}\n<\/style>\n\t<\/section>\n\t\n","protected":false},"excerpt":{"rendered":"","protected":false},"author":2,"featured_media":290,"parent":0,"menu_order":0,"comment_status":"closed","ping_status":"closed","template":"page-transparent-header-light.php","meta":[],"yst_prominent_words":[],"yoast_head":"<!-- This site is optimized with the Yoast SEO Premium plugin v14.1 - https:\/\/yoast.com\/wordpress\/plugins\/seo\/ -->\n<title>Korg Pa Manager - Qu\u1ea3n l\u00fd, bi\u00ean t\u1eadp v\u00e0 Convert d\u1eef li\u1ec7u cho Korg<\/title>\n<meta name=\"description\" content=\"Qu\u1ea3n l\u00fd v\u00e0 s\u1eafp x\u1ebfp KORG PA SET tr\u00ean PC c\u1ee7a b\u1ea1n m\u1ed9t c\u00e1ch d\u1ec5 d\u00e0ng. Kh\u00e1m ph\u00e1 n\u1ed9i dung c\u1ee7a SET m\u00e0 kh\u00f4ng c\u1ea7n ph\u1ea3i t\u1ea3i n\u00f3 v\u00e0o KORG PA Arranger. B\u1ea3n sao v\u00e0 chuy\u1ec3n t\u1ea5t c\u1ea3 c\u00e1c m\u1eabu \u00c2m thanh &amp; PCM c\u1ea7n thi\u1ebft t\u1ef1 \u0111\u1ed9ng. Tr\u1ed9n nhi\u1ec1u SET ch\u1ec9 v\u1edbi m\u1ed9t v\u00e0i c\u00fa nh\u1ea5p chu\u1ed9t.\" \/>\n<meta name=\"robots\" content=\"index, follow\" \/>\n<meta name=\"googlebot\" content=\"index, follow, max-snippet:-1, max-image-preview:large, max-video-preview:-1\" \/>\n<meta name=\"bingbot\" content=\"index, follow, max-snippet:-1, max-image-preview:large, max-video-preview:-1\" \/>\n<link rel=\"canonical\" href=\"https:\/\/korg.vn\/kpm\/\" \/>\n<meta property=\"og:locale\" content=\"vi_VN\" \/>\n<meta property=\"og:type\" content=\"article\" \/>\n<meta property=\"og:title\" content=\"Korg Pa Manager - Qu\u1ea3n l\u00fd, bi\u00ean t\u1eadp v\u00e0 Convert d\u1eef li\u1ec7u cho Korg\" \/>\n<meta property=\"og:description\" content=\"Qu\u1ea3n l\u00fd v\u00e0 s\u1eafp x\u1ebfp KORG PA SET tr\u00ean PC c\u1ee7a b\u1ea1n m\u1ed9t c\u00e1ch d\u1ec5 d\u00e0ng. Kh\u00e1m ph\u00e1 n\u1ed9i dung c\u1ee7a SET m\u00e0 kh\u00f4ng c\u1ea7n ph\u1ea3i t\u1ea3i n\u00f3 v\u00e0o KORG PA Arranger. B\u1ea3n sao v\u00e0 chuy\u1ec3n t\u1ea5t c\u1ea3 c\u00e1c m\u1eabu \u00c2m thanh &amp; PCM c\u1ea7n thi\u1ebft t\u1ef1 \u0111\u1ed9ng. Tr\u1ed9n nhi\u1ec1u SET ch\u1ec9 v\u1edbi m\u1ed9t v\u00e0i c\u00fa nh\u1ea5p chu\u1ed9t.\" \/>\n<meta property=\"og:url\" content=\"https:\/\/korg.vn\/kpm\/\" \/>\n<meta property=\"og:site_name\" content=\"Korg Pa Manager\" \/>\n<meta property=\"article:modified_time\" content=\"2023-08-08T11:50:22+00:00\" \/>\n<meta property=\"og:image\" content=\"https:\/\/korg.vn\/kpm\/wp-content\/uploads\/2020\/06\/maxresdefault.jpg\" \/>\n\t<meta property=\"og:image:width\" content=\"1280\" \/>\n\t<meta property=\"og:image:height\" content=\"720\" \/>\n<meta name=\"twitter:card\" content=\"summary_large_image\" \/>\n<script type=\"application\/ld+json\" class=\"yoast-schema-graph\">{\"@context\":\"https:\/\/schema.org\",\"@graph\":[{\"@type\":\"WebSite\",\"@id\":\"https:\/\/korg.vn\/kpm\/#website\",\"url\":\"https:\/\/korg.vn\/kpm\/\",\"name\":\"Korg Pa Manager\",\"description\":\"Ph\\u1ea7n m\\u1ec1m qu\\u1ea3n l\\u00fd, bi\\u00ean t\\u1eadp, ch\\u1ec9nh s\\u1eeda d\\u1eef li\\u1ec7u cho \\u0111\\u00e0n Korg Pa\",\"potentialAction\":[{\"@type\":\"SearchAction\",\"target\":\"https:\/\/korg.vn\/kpm\/?s={search_term_string}\",\"query-input\":\"required name=search_term_string\"}],\"inLanguage\":\"vi\"},{\"@type\":\"ImageObject\",\"@id\":\"https:\/\/korg.vn\/kpm\/#primaryimage\",\"inLanguage\":\"vi\",\"url\":\"https:\/\/korg.vn\/kpm\/wp-content\/uploads\/2020\/06\/maxresdefault.jpg\",\"width\":1280,\"height\":720},{\"@type\":\"WebPage\",\"@id\":\"https:\/\/korg.vn\/kpm\/#webpage\",\"url\":\"https:\/\/korg.vn\/kpm\/\",\"name\":\"Korg Pa Manager - Qu\\u1ea3n l\\u00fd, bi\\u00ean t\\u1eadp v\\u00e0 Convert d\\u1eef li\\u1ec7u cho Korg\",\"isPartOf\":{\"@id\":\"https:\/\/korg.vn\/kpm\/#website\"},\"primaryImageOfPage\":{\"@id\":\"https:\/\/korg.vn\/kpm\/#primaryimage\"},\"datePublished\":\"2020-06-13T17:06:31+00:00\",\"dateModified\":\"2023-08-08T11:50:22+00:00\",\"description\":\"Qu\\u1ea3n l\\u00fd v\\u00e0 s\\u1eafp x\\u1ebfp KORG PA SET tr\\u00ean PC c\\u1ee7a b\\u1ea1n m\\u1ed9t c\\u00e1ch d\\u1ec5 d\\u00e0ng. Kh\\u00e1m ph\\u00e1 n\\u1ed9i dung c\\u1ee7a SET m\\u00e0 kh\\u00f4ng c\\u1ea7n ph\\u1ea3i t\\u1ea3i n\\u00f3 v\\u00e0o KORG PA Arranger. B\\u1ea3n sao v\\u00e0 chuy\\u1ec3n t\\u1ea5t c\\u1ea3 c\\u00e1c m\\u1eabu \\u00c2m thanh & PCM c\\u1ea7n thi\\u1ebft t\\u1ef1 \\u0111\\u1ed9ng. Tr\\u1ed9n nhi\\u1ec1u SET ch\\u1ec9 v\\u1edbi m\\u1ed9t v\\u00e0i c\\u00fa nh\\u1ea5p chu\\u1ed9t.\",\"inLanguage\":\"vi\",\"potentialAction\":[{\"@type\":\"ReadAction\",\"target\":[\"https:\/\/korg.vn\/kpm\/\"]}]}]}<\/script>\n<!-- \/ Yoast SEO Premium plugin. -->","_links":{"self":[{"href":"https:\/\/korg.vn\/kpm\/wp-json\/wp\/v2\/pages\/289"}],"collection":[{"href":"https:\/\/korg.vn\/kpm\/wp-json\/wp\/v2\/pages"}],"about":[{"href":"https:\/\/korg.vn\/kpm\/wp-json\/wp\/v2\/types\/page"}],"author":[{"embeddable":true,"href":"https:\/\/korg.vn\/kpm\/wp-json\/wp\/v2\/users\/2"}],"replies":[{"embeddable":true,"href":"https:\/\/korg.vn\/kpm\/wp-json\/wp\/v2\/comments?post=289"}],"version-history":[{"count":44,"href":"https:\/\/korg.vn\/kpm\/wp-json\/wp\/v2\/pages\/289\/revisions"}],"predecessor-version":[{"id":700,"href":"https:\/\/korg.vn\/kpm\/wp-json\/wp\/v2\/pages\/289\/revisions\/700"}],"wp:featuredmedia":[{"embeddable":true,"href":"https:\/\/korg.vn\/kpm\/wp-json\/wp\/v2\/media\/290"}],"wp:attachment":[{"href":"https:\/\/korg.vn\/kpm\/wp-json\/wp\/v2\/media?parent=289"}],"wp:term":[{"taxonomy":"yst_prominent_words","embeddable":true,"href":"https:\/\/korg.vn\/kpm\/wp-json\/wp\/v2\/yst_prominent_words?post=289"}],"curies":[{"name":"wp","href":"https:\/\/api.w.org\/{rel}","templated":true}]}}